{"id":89,"date":"2015-12-04T01:57:53","date_gmt":"2015-12-04T01:57:53","guid":{"rendered":"http:\/\/beverlyhillsstardesign.com\/?page_id=89"},"modified":"2021-08-12T20:02:01","modified_gmt":"2021-08-12T19:02:01","slug":"iletisim","status":"publish","type":"page","link":"https:\/\/sohousedesign.com\/?page_id=89","title":{"rendered":"\u0130LET\u0130\u015e\u0130M"},"content":{"rendered":"<p>Tel: +90\u00a0<a href=\"tel:0-532-282-7208\">532-282-7208<\/a><\/p>\n","protected":false},"excerpt":{"rendered":"<p>Tel: +90\u00a0532-282-7208<\/p>\n","protected":false},"author":1,"featured_media":0,"parent":0,"menu_order":0,"comment_status":"closed","ping_status":"closed","template":"","meta":{"_vp_format_video_url":"","_vp_image_focal_point":[]},"_links":{"self":[{"href":"https:\/\/sohousedesign.com\/index.php?rest_route=\/wp\/v2\/pages\/89"}],"collection":[{"href":"https:\/\/sohousedesign.com\/index.php?rest_route=\/wp\/v2\/pages"}],"about":[{"href":"https:\/\/sohousedesign.com\/index.php?rest_route=\/wp\/v2\/types\/page"}],"author":[{"embeddable":true,"href":"https:\/\/sohousedesign.com\/index.php?rest_route=\/wp\/v2\/users\/1"}],"replies":[{"embeddable":true,"href":"https:\/\/sohousedesign.com\/index.php?rest_route=%2Fwp%2Fv2%2Fcomments&post=89"}],"version-history":[{"count":29,"href":"https:\/\/sohousedesign.com\/index.php?rest_route=\/wp\/v2\/pages\/89\/revisions"}],"predecessor-version":[{"id":6795,"href":"https:\/\/sohousedesign.com\/index.php?rest_route=\/wp\/v2\/pages\/89\/revisions\/6795"}],"wp:attachment":[{"href":"https:\/\/sohousedesign.com\/index.php?rest_route=%2Fwp%2Fv2%2Fmedia&parent=89"}],"curies":[{"name":"wp","href":"https:\/\/api.w.org\/{rel}","templated":true}]}}