{"id":77,"date":"2015-12-04T01:53:49","date_gmt":"2015-12-04T01:53:49","guid":{"rendered":"http:\/\/beverlyhillsstardesign.com\/?page_id=77"},"modified":"2021-09-06T19:13:45","modified_gmt":"2021-09-06T18:13:45","slug":"yukselisteki-projeler","status":"publish","type":"page","link":"https:\/\/sohousedesign.com\/?page_id=77","title":{"rendered":""},"content":{"rendered":"\n<h2><\/h2>\n\n\n\n<div class=\"forminator-guttenberg\"><div class=\"forminator-ui forminator-custom-form forminator-custom-form-6820 forminator-design--material  forminator_ajax\" data-forminator-render=\"0\" data-form=\"forminator-module-6820\"><br\/><\/div><form\n\t\t\t\tid=\"forminator-module-6820\"\n\t\t\t\tclass=\"forminator-ui forminator-custom-form forminator-custom-form-6820 forminator-design--material  forminator_ajax\"\n\t\t\t\tmethod=\"post\"\n\t\t\t\tdata-forminator-render=\"0\"\n\t\t\t\tdata-form-id=\"6820\"\n\t\t\t\t\n\t\t\t\tdata-design=\"material\"\n\t\t\t\t\n\t\t\t\t\n\t\t\t\t\n\t\t\t\tdata-grid=\"open\"\n\t\t\t\tenctype=\"multipart\/form-data\"\n\t\t\t\t\n\t\t\t\tstyle=\"display: none;\"\n\t\t\t><div class=\"forminator-response-message forminator-error\" aria-hidden=\"true\"><\/div><div class=\"forminator-row\"><div id=\"name-1\" class=\"forminator-col forminator-col-12 \"><div class=\"forminator-field\"><label for=\"forminator-field-name-1\" class=\"forminator-label\">\u0130sim <span class=\"forminator-required\">*<\/span><\/label><input type=\"text\" name=\"name-1\" value=\"\" placeholder=\"\" id=\"forminator-field-name-1\" class=\"forminator-input forminator-name--field\" aria-required=\"true\" \/><\/div><\/div><\/div><div class=\"forminator-row\"><div id=\"email-1\" class=\"forminator-col forminator-col-12 \"><div class=\"forminator-field\"><label for=\"forminator-field-email-1\" class=\"forminator-label\">E-posta Adresi <span class=\"forminator-required\">*<\/span><\/label><input type=\"email\" name=\"email-1\" value=\"\" placeholder=\"\" id=\"forminator-field-email-1\" class=\"forminator-input forminator-email--field\" data-required=\"true\" aria-required=\"true\" \/><\/div><\/div><\/div><div class=\"forminator-row\"><div id=\"phone-1\" class=\"forminator-col forminator-col-12 \"><div class=\"forminator-field\"><label for=\"forminator-field-phone-1\" class=\"forminator-label\">Telefon Numaras\u0131<\/label><input type=\"text\" name=\"phone-1\" value=\"\" placeholder=\"\" id=\"forminator-field-phone-1\" class=\"forminator-input forminator-field--phone\" data-required=\"\" aria-required=\"false\" autocomplete=\"off\" \/><\/div><\/div><\/div><div class=\"forminator-row\"><div id=\"textarea-1\" class=\"forminator-col forminator-col-12 \"><div class=\"forminator-field\"><label for=\"forminator-field-textarea-1\" class=\"forminator-label\">Proje (Tercihen)<\/label><textarea name=\"textarea-1\" placeholder=\"Projeniz hakk\u0131nda bilgi verir misiniz? Proje t\u00fcr\u00fc, m\u00b2 \" id=\"forminator-field-textarea-1\" class=\"forminator-textarea\" rows=\"6\" style=\"min-height:140px;\" maxlength=\"180\" ><\/textarea><span class=\"forminator-description\"><span data-limit=\"180\" data-type=\"characters\">0 \/ 180<\/span><\/span><\/div><\/div><\/div><div class=\"forminator-row\"><div id=\"textarea-3\" class=\"forminator-col forminator-col-12 \"><div class=\"forminator-field\"><label for=\"forminator-field-textarea-3\" class=\"forminator-label\">Dan\u0131\u015fmanl\u0131k (Tercihen)<\/label><textarea name=\"textarea-3\" placeholder=\"Dan\u0131\u015fmak istedi\u011finiz konu hakk\u0131nda bilgi verir misiniz?\" id=\"forminator-field-textarea-3\" class=\"forminator-textarea\" rows=\"6\" style=\"min-height:140px;\" maxlength=\"180\" ><\/textarea><span class=\"forminator-description\"><span data-limit=\"180\" data-type=\"characters\">0 \/ 180<\/span><\/span><\/div><\/div><\/div><div class=\"forminator-row\"><div id=\"upload-1\" class=\"forminator-col forminator-col-12 \"><div class=\"forminator-field\"><label for=\"forminator-field-upload-1\" class=\"forminator-label\">G\u00f6rsellerinizi y\u00fckleyebilirsiniz<\/label><div class=\"forminator-file-upload \" data-element=\"upload-1\"><input type=\"file\" name=\"upload-1\" id=\"forminator-field-upload-1\" class=\"forminator-input-file\" accept=\".jpg,.jpeg,.jpe,.gif,.png,.bmp,.tiff,.tif,.ico,.heic,.asf,.asx,.wmv,.wmx,.wm,.avi,.divx,.flv,.mov,.qt,.mpeg,.mpg,.mpe,.mp4,.m4v,.ogv,.webm,.mkv,.3gp,.3gpp,.3g2,.3gp2,.txt,.asc,.c,.cc,.h,.srt,.csv,.tsv,.ics,.rtx,.css,.htm,.html,.vtt,.dfxp,.mp3,.m4a,.m4b,.aac,.ra,.ram,.wav,.ogg,.oga,.flac,.mid,.midi,.wma,.wax,.mka,.rtf,.js,.pdf,.class,.tar,.zip,.gz,.gzip,.rar,.7z,.psd,.xcf,.doc,.pot,.pps,.ppt,.wri,.xla,.xls,.xlt,.xlw,.mdb,.mpp,.docx,.docm,.dotx,.dotm,.xlsx,.xlsm,.xlsb,.xltx,.xltm,.xlam,.pptx,.pptm,.ppsx,.ppsm,.potx,.potm,.ppam,.sldx,.sldm,.onetoc,.onetoc2,.onetmp,.onepkg,.oxps,.xps,.odt,.odp,.ods,.odg,.odc,.odb,.odf,.wp,.wpd,.key,.numbers,.pages,.svg\"><button id=\"forminator-field-upload-1_button\" class=\"forminator-button forminator-button-upload\" data-id=\"forminator-field-upload-1\"><span>Dosya Se\u00e7<\/span><span aria-hidden=\"true\"><\/span><\/button><span data-empty-text=\"Dosya se\u00e7ilmedi\">Dosya se\u00e7ilmedi<\/span><button class=\"forminator-button-delete\" style=\"display: none;\"><i class=\"forminator-icon-close\" aria-hidden=\"true\"><\/i><span class=\"forminator-screen-reader-only\">Y\u00fcklenen dosyay\u0131 sil<\/span><\/button><\/div><\/div><\/div><\/div><input type=\"hidden\" name=\"referer_url\" value=\"\" \/><div class=\"forminator-row forminator-row-last\"><div class=\"forminator-col\"><div class=\"forminator-field\"><button class=\"forminator-button forminator-button-submit\"><span>Mesaj G&ouml;nder |  Fiyat Al<\/span><span aria-hidden=\"true\"><\/span><\/button><\/div><\/div><\/div><input type=\"hidden\" id=\"forminator_nonce\" name=\"forminator_nonce\" value=\"2da0d58d3f\" \/><input type=\"hidden\" name=\"_wp_http_referer\" value=\"\/index.php?rest_route=%2Fwp%2Fv2%2Fpages%2F77\" \/><input type=\"hidden\" name=\"form_id\" value=\"6820\"><input type=\"hidden\" name=\"page_id\" value=\"77\"><input type=\"hidden\" name=\"form_type\" value=\"default\"><input type=\"hidden\" name=\"current_url\" value=\"https:\/\/sohousedesign.com\/?rest_route=%2Fwp%2Fv2%2Fpages%2F77\"><input type=\"hidden\" name=\"render_id\" value=\"0\"><input type=\"hidden\" name=\"action\" value=\"forminator_submit_form_custom-forms\"><\/form><\/div>\n\n\n\n<h2><\/h2>\n","protected":false},"excerpt":{"rendered":"","protected":false},"author":1,"featured_media":0,"parent":0,"menu_order":0,"comment_status":"closed","ping_status":"closed","template":"","meta":{"_vp_format_video_url":"","_vp_image_focal_point":[]},"_links":{"self":[{"href":"https:\/\/sohousedesign.com\/index.php?rest_route=\/wp\/v2\/pages\/77"}],"collection":[{"href":"https:\/\/sohousedesign.com\/index.php?rest_route=\/wp\/v2\/pages"}],"about":[{"href":"https:\/\/sohousedesign.com\/index.php?rest_route=\/wp\/v2\/types\/page"}],"author":[{"embeddable":true,"href":"https:\/\/sohousedesign.com\/index.php?rest_route=\/wp\/v2\/users\/1"}],"replies":[{"embeddable":true,"href":"https:\/\/sohousedesign.com\/index.php?rest_route=%2Fwp%2Fv2%2Fcomments&post=77"}],"version-history":[{"count":15,"href":"https:\/\/sohousedesign.com\/index.php?rest_route=\/wp\/v2\/pages\/77\/revisions"}],"predecessor-version":[{"id":6950,"href":"https:\/\/sohousedesign.com\/index.php?rest_route=\/wp\/v2\/pages\/77\/revisions\/6950"}],"wp:attachment":[{"href":"https:\/\/sohousedesign.com\/index.php?rest_route=%2Fwp%2Fv2%2Fmedia&parent=77"}],"curies":[{"name":"wp","href":"https:\/\/api.w.org\/{rel}","templated":true}]}}