{"id":75,"date":"2015-12-04T01:53:26","date_gmt":"2015-12-04T01:53:26","guid":{"rendered":"http:\/\/beverlyhillsstardesign.com\/?page_id=75"},"modified":"2021-09-10T17:01:46","modified_gmt":"2021-09-10T16:01:46","slug":"hakkimizda","status":"publish","type":"page","link":"https:\/\/sohousedesign.com\/?page_id=75","title":{"rendered":"HAKKIMIZDA"},"content":{"rendered":"\n<p>So House Design ile hedefimiz mekanlar\u0131n\u0131z\u0131n ya\u015fam alanlar\u0131n\u0131n enerjisini y\u00fckseltecek i\u00e7 mimari tasar\u0131m i\u00e7in yenilik\u00e7i fikirlerle sizlere ilham olmakt\u0131r. Dan\u0131\u015fmanl\u0131\u011f\u0131m\u0131z\u0131n yan\u0131 s\u0131ra, at\u00f6lyelerimiz ile ya\u015fam alanlar\u0131n\u0131z\u0131n tasar\u0131mlar\u0131na; Stil, Renk, Malzeme tasar\u0131m b\u00fct\u00fcnl\u00fc\u011f\u00fcne y\u00f6n verecek online e\u011fitimlerle, yar\u0131\u015fmalarla yenilik\u00e7i s\u00fcrd\u00fcr\u00fclebilir online projelere olanak tan\u0131makt\u0131r. Yenilik\u00e7i fikirlerimiz ile sokak da ya\u015fayan canlar\u0131m\u0131z\u0131n ya\u015fam\u0131n\u0131 da kolayla\u015ft\u0131rmak bizlerin en b\u00fcy\u00fck hedefidir.<\/p>\n\n\n\n<p>So House Design \/ Sedeko Mimarl\u0131k firmas\u0131na ba\u011fl\u0131d\u0131r. T\u00fcm haklar\u0131 sakl\u0131d\u0131r.<br>Sedeko Mimarl\u0131k hem mimari, hem i\u00e7 mimari de ev, otel, ma\u011faza, ofis gibi projeler ger\u00e7ekle\u015ftiren uluslararas\u0131 ba\u015far\u0131l\u0131 projelere imza atan \u00fcnl\u00fc mimari gruplarla i\u015fbirli\u011fi anla\u015fmalar\u0131 imzalam\u0131\u015ft\u0131r. New York\u2019daki Trump Otel\u2019in post modern kurucular\u0131ndan Alan Ritchie&amp;Philip Johnson, Hollywood mimarlar\u0131ndan Bette Middler\u2019\u0131n mimar\u0131 Los Angeles\u2019de bir \u00e7ok sanat m\u00fczenin mimari projelerini yapan AD dergisi taraf\u0131ndan bir\u00e7ok kez d\u00fcnyadaki 100 mimardan biri se\u00e7ilen sanat\u0131 mimari ile harmanlayan Frederick Fisher&amp;Partners; Brad Pitt&#8217;le mimari projeler yapan Graft Grubu anla\u015fma yapt\u0131\u011f\u0131 firmalar aras\u0131nda yer alm\u0131\u015ft\u0131r.<\/p>\n\n\n\n<p>Mimaride stil, renk malzeme \u0131\u015f\u0131k ba\u011flant\u0131s\u0131n\u0131n yan\u0131 s\u0131ra\u00a0\u00a0ya\u015fam\u0131n\u0131zda mekanlar\u0131n\u0131zda Feng Shui, I Ching, Zen felsefesinin uygulanmas\u0131 yar\u0131 de\u011ferli ta\u015flar\u0131n mekanlarda kullan\u0131m\u0131 \u00fczerine uzmanl\u0131k alan\u0131 bulunan Sedeko Mimarl\u0131k&#8217;\u0131n kurucusu sahibi Dr.Mimar Sevin\u00e7 Ormanc\u0131, son d\u00f6nemde Mevlevihanelerin mimariye etkisi \u00fczerine \u00e7al\u0131\u015fm\u0131\u015ft\u0131r.<\/p>\n\n\n\n<p>Sedeko Mimarl\u0131k hem mimari, hem i\u00e7 mimari de ev, otel, ma\u011faza, ofis gibi projeler ger\u00e7ekle\u015ftiriyor. Profesyonel mimari i\u00e7 mimari \u00e7al\u0131\u015fmalar\u0131n\u0131n yan\u0131 s\u0131ra uluslararas\u0131 ba\u015far\u0131l\u0131 projelere imza atan \u00fcnl\u00fc mimari gruplarla i\u015fbirli\u011fi anla\u015fmalar\u0131 imzalayan Sedeko Mimarl\u0131k, g\u00f6kdelenlerden karma projelere, AVM\u2019den m\u00fczeye bir\u00e7ok b\u00fcy\u00fck \u00f6l\u00e7ekli projelerin yer ald\u0131\u011f\u0131 ortak i\u015fbirli\u011fi anla\u015fmalar\u0131 bulunuyor. Sedeko Mimarl\u0131k\u2019\u0131n anla\u015fmas\u0131 olan firmalar aras\u0131nda AB\u2019den ye\u015fil mimari \u00e7al\u0131\u015fmalar\u0131ndan \u00f6t\u00fcr\u00fc \u00f6d\u00fcl alan do\u011fayla b\u00fct\u00fcnle\u015fmi\u015f mekanlara imza atan AB\u2019den \u00f6d\u00fcl alan aristokrat Lord Rothshieldin mimar\u0131 ispanyol mimar Javier Barba; New York\u2019daki Trump Otel\u2019in post modern kurucular\u0131ndan Alan Ritchie&amp;Philip Johnson, Hollywood mimarlar\u0131ndan Bette Middler\u2019\u0131n mimar\u0131 Los Angeles\u2019de bir \u00e7ok sanat m\u00fczenin mimari projelerini yapan AD dergisi taraf\u0131ndan bir\u00e7ok kez d\u00fcnyadaki 100 mimardan biri se\u00e7ilen sanat\u0131 mimari ile harmanlayan Frederick Fisher&amp;Partners; Berlin Metrosu Mimarlar\u0131ndan Oliver Collignon; Brad Pitt&#8217;le mimari projeler yapan Graft Grubu yer al\u0131yor.<br>So House Design tasar\u0131mc\u0131 grubu olarak hedefimiz i\u00e7 mimari projelerinizi birebir online g\u00f6r\u00fc\u015fmelerimizle hayata ge\u00e7irmektir.<\/p>\n\n\n\n<p>Sevgi ve Sayg\u0131lar\u0131m\u0131zla<\/p>\n\n\n\n<p>Dr.Mimar Sevin\u00e7 Ormanc\u0131<\/p>\n","protected":false},"excerpt":{"rendered":"<p>So House Design ile hedefimiz mekanlar\u0131n\u0131z\u0131n ya\u015fam alanlar\u0131n\u0131n enerjisini y\u00fckseltecek i\u00e7 mimari tasar\u0131m i\u00e7in yenilik\u00e7i fikirlerle sizlere ilham olmakt\u0131r. Dan\u0131\u015fmanl\u0131\u011f\u0131m\u0131z\u0131n yan\u0131 s\u0131ra, at\u00f6lyelerimiz ile ya\u015fam &hellip; <\/p>\n","protected":false},"author":1,"featured_media":0,"parent":0,"menu_order":0,"comment_status":"closed","ping_status":"closed","template":"","meta":{"_vp_format_video_url":"","_vp_image_focal_point":[]},"_links":{"self":[{"href":"https:\/\/sohousedesign.com\/index.php?rest_route=\/wp\/v2\/pages\/75"}],"collection":[{"href":"https:\/\/sohousedesign.com\/index.php?rest_route=\/wp\/v2\/pages"}],"about":[{"href":"https:\/\/sohousedesign.com\/index.php?rest_route=\/wp\/v2\/types\/page"}],"author":[{"embeddable":true,"href":"https:\/\/sohousedesign.com\/index.php?rest_route=\/wp\/v2\/users\/1"}],"replies":[{"embeddable":true,"href":"https:\/\/sohousedesign.com\/index.php?rest_route=%2Fwp%2Fv2%2Fcomments&post=75"}],"version-history":[{"count":18,"href":"https:\/\/sohousedesign.com\/index.php?rest_route=\/wp\/v2\/pages\/75\/revisions"}],"predecessor-version":[{"id":7029,"href":"https:\/\/sohousedesign.com\/index.php?rest_route=\/wp\/v2\/pages\/75\/revisions\/7029"}],"wp:attachment":[{"href":"https:\/\/sohousedesign.com\/index.php?rest_route=%2Fwp%2Fv2%2Fmedia&parent=75"}],"curies":[{"name":"wp","href":"https:\/\/api.w.org\/{rel}","templated":true}]}}