{"id":7127,"date":"2021-09-11T10:42:34","date_gmt":"2021-09-11T09:42:34","guid":{"rendered":"http:\/\/ipekoztarak.name.tr\/?page_id=7127"},"modified":"2021-09-11T10:46:04","modified_gmt":"2021-09-11T09:46:04","slug":"7127-2","status":"publish","type":"page","link":"https:\/\/sohousedesign.com\/?page_id=7127","title":{"rendered":""},"content":{"rendered":"\n<div class=\"wp-block-image\"><figure class=\"aligncenter size-large\"><a href=\"http:\/\/archisections.com\/tips-for-designing-a-stylish-home\/\"><img loading=\"lazy\" width=\"768\" height=\"512\" src=\"http:\/\/ipekoztarak.name.tr\/wp-content\/uploads\/2021\/09\/2-1-3.jpg\" alt=\"\" class=\"wp-image-7126\" srcset=\"https:\/\/sohousedesign.com\/wp-content\/uploads\/2021\/09\/2-1-3.jpg 768w, https:\/\/sohousedesign.com\/wp-content\/uploads\/2021\/09\/2-1-3-300x200.jpg 300w, https:\/\/sohousedesign.com\/wp-content\/uploads\/2021\/09\/2-1-3-500x333.jpg 500w, https:\/\/sohousedesign.com\/wp-content\/uploads\/2021\/09\/2-1-3-90x60.jpg 90w, https:\/\/sohousedesign.com\/wp-content\/uploads\/2021\/09\/2-1-3-420x280.jpg 420w\" sizes=\"(max-width: 768px) 100vw, 768px\" \/><\/a><figcaption><span class=\"has-inline-color has-black-color\">\u015eIK EV TASARLAMANIN \u00d6NEML\u0130 \u0130PU\u00c7LARI!<\/span><br><\/figcaption><\/figure><\/div>\n\n\n\n<div class=\"wp-block-image\"><figure class=\"aligncenter size-large is-resized\"><a href=\"http:\/\/archisections.com\/modern-dag-evi-romantizmi\/\"><img loading=\"lazy\" src=\"http:\/\/ipekoztarak.name.tr\/wp-content\/uploads\/2021\/09\/4-1.png\" alt=\"\" class=\"wp-image-7085\" width=\"577\" height=\"440\" srcset=\"https:\/\/sohousedesign.com\/wp-content\/uploads\/2021\/09\/4-1.png 342w, https:\/\/sohousedesign.com\/wp-content\/uploads\/2021\/09\/4-1-300x229.png 300w, https:\/\/sohousedesign.com\/wp-content\/uploads\/2021\/09\/4-1-79x60.png 79w\" sizes=\"(max-width: 577px) 100vw, 577px\" \/><\/a><figcaption><span class=\"has-inline-color has-black-color\">MODERN DA\u011e EV\u0130 ROMANT\u0130ZM\u0130<\/span><\/figcaption><\/figure><\/div>\n\n\n\n<div class=\"wp-block-image\"><figure class=\"aligncenter size-large\"><a href=\"http:\/\/archisections.com\/7055-2\/\"><img loading=\"lazy\" width=\"696\" height=\"456\" src=\"http:\/\/ipekoztarak.name.tr\/wp-content\/uploads\/2021\/09\/yat-kapak-696x456-2.jpg\" alt=\"\" class=\"wp-image-7086\" srcset=\"https:\/\/sohousedesign.com\/wp-content\/uploads\/2021\/09\/yat-kapak-696x456-2.jpg 696w, https:\/\/sohousedesign.com\/wp-content\/uploads\/2021\/09\/yat-kapak-696x456-2-300x197.jpg 300w, https:\/\/sohousedesign.com\/wp-content\/uploads\/2021\/09\/yat-kapak-696x456-2-500x328.jpg 500w, https:\/\/sohousedesign.com\/wp-content\/uploads\/2021\/09\/yat-kapak-696x456-2-92x60.jpg 92w\" sizes=\"(max-width: 696px) 100vw, 696px\" \/><\/a><figcaption><span class=\"has-inline-color has-black-color\">BU YAZ TEKNE TASARIMLARA YELKEN A\u00c7IN!<\/span><\/figcaption><\/figure><\/div>\n\n\n\n<div class=\"wp-block-image\"><figure class=\"aligncenter size-large\"><a href=\"http:\/\/archisections.com\/worlds-best-art-hotels\/\"><img loading=\"lazy\" width=\"696\" height=\"456\" src=\"http:\/\/ipekoztarak.name.tr\/wp-content\/uploads\/2021\/09\/sanat-otelleri-kapak-696x456-1.jpg\" alt=\"\" class=\"wp-image-7075\" srcset=\"https:\/\/sohousedesign.com\/wp-content\/uploads\/2021\/09\/sanat-otelleri-kapak-696x456-1.jpg 696w, https:\/\/sohousedesign.com\/wp-content\/uploads\/2021\/09\/sanat-otelleri-kapak-696x456-1-300x197.jpg 300w, https:\/\/sohousedesign.com\/wp-content\/uploads\/2021\/09\/sanat-otelleri-kapak-696x456-1-500x328.jpg 500w, https:\/\/sohousedesign.com\/wp-content\/uploads\/2021\/09\/sanat-otelleri-kapak-696x456-1-92x60.jpg 92w\" sizes=\"(max-width: 696px) 100vw, 696px\" \/><\/a><figcaption><span class=\"has-inline-color has-black-color\">D\u00dcNYANIN EN \u0130Y\u0130 SANAT OTELLER &nbsp;<\/span><\/figcaption><\/figure><\/div>\n","protected":false},"excerpt":{"rendered":"","protected":false},"author":1,"featured_media":0,"parent":0,"menu_order":0,"comment_status":"closed","ping_status":"closed","template":"","meta":{"_vp_format_video_url":"","_vp_image_focal_point":[]},"_links":{"self":[{"href":"https:\/\/sohousedesign.com\/index.php?rest_route=\/wp\/v2\/pages\/7127"}],"collection":[{"href":"https:\/\/sohousedesign.com\/index.php?rest_route=\/wp\/v2\/pages"}],"about":[{"href":"https:\/\/sohousedesign.com\/index.php?rest_route=\/wp\/v2\/types\/page"}],"author":[{"embeddable":true,"href":"https:\/\/sohousedesign.com\/index.php?rest_route=\/wp\/v2\/users\/1"}],"replies":[{"embeddable":true,"href":"https:\/\/sohousedesign.com\/index.php?rest_route=%2Fwp%2Fv2%2Fcomments&post=7127"}],"version-history":[{"count":2,"href":"https:\/\/sohousedesign.com\/index.php?rest_route=\/wp\/v2\/pages\/7127\/revisions"}],"predecessor-version":[{"id":7135,"href":"https:\/\/sohousedesign.com\/index.php?rest_route=\/wp\/v2\/pages\/7127\/revisions\/7135"}],"wp:attachment":[{"href":"https:\/\/sohousedesign.com\/index.php?rest_route=%2Fwp%2Fv2%2Fmedia&parent=7127"}],"curies":[{"name":"wp","href":"https:\/\/api.w.org\/{rel}","templated":true}]}}