{"id":6744,"date":"2021-08-12T18:02:44","date_gmt":"2021-08-12T17:02:44","guid":{"rendered":"http:\/\/ipekoztarak.name.tr\/?page_id=6744"},"modified":"2021-08-15T13:18:57","modified_gmt":"2021-08-15T12:18:57","slug":"stilini-yarat","status":"publish","type":"page","link":"https:\/\/sohousedesign.com\/?page_id=6744","title":{"rendered":""},"content":{"rendered":"        <div class=\"wp-block-visual-portfolio\">\n            \n<div class=\"vp-portfolio vp-uid-4a84d49d vp-id-oQhjR\"\n    data-vp-layout=\"tiles\" data-vp-items-style=\"fade\" data-vp-items-click-action=\"popup_gallery\" data-vp-items-gap=\"110\" data-vp-items-gap-vertical=\"134\" data-vp-pagination=\"load-more\" data-vp-next-page-url=\"\" data-vp-tiles-type=\"2|1,1.34|\" >\n    <div class=\"vp-portfolio__preloader-wrap\">\n        <div class=\"vp-portfolio__preloader\">\n            <img loading=\"lazy\" src=\"https:\/\/sohousedesign.com\/wp-content\/plugins\/visual-portfolio\/assets\/images\/logo-dark.svg\" alt=\"Visual Portfolio, Posts &amp; Image Gallery for WordPress\" width=\"20\" height=\"20\" data-skip-lazy>\n        <\/div>\n    <\/div>\n        <div class=\"vp-portfolio__items-wrap\">\n            \n<div class=\"vp-portfolio__items vp-portfolio__items-style-fade vp-portfolio__items-show-overlay-hover\">\n\n        <div class=\"vp-portfolio__item-wrap vp-portfolio__item-uid-e44e06b4\" data-vp-filter=\"\">\n                        <div class=\"vp-portfolio__item-popup\"\n                style=\"display: none;\"\n                data-vp-popup-img=\"https:\/\/sohousedesign.com\/wp-content\/uploads\/2021\/08\/BIEDERMEIER-2P-1920x2716.jpg\"\n                data-vp-popup-img-srcset=\"https:\/\/sohousedesign.com\/wp-content\/uploads\/2021\/08\/BIEDERMEIER-2P-1920x2716.jpg 1920w, https:\/\/sohousedesign.com\/wp-content\/uploads\/2021\/08\/BIEDERMEIER-2P-212x300.jpg 212w, https:\/\/sohousedesign.com\/wp-content\/uploads\/2021\/08\/BIEDERMEIER-2P-728x1030.jpg 728w, https:\/\/sohousedesign.com\/wp-content\/uploads\/2021\/08\/BIEDERMEIER-2P-768x1086.jpg 768w, https:\/\/sohousedesign.com\/wp-content\/uploads\/2021\/08\/BIEDERMEIER-2P-1086x1536.jpg 1086w, https:\/\/sohousedesign.com\/wp-content\/uploads\/2021\/08\/BIEDERMEIER-2P-1448x2048.jpg 1448w, https:\/\/sohousedesign.com\/wp-content\/uploads\/2021\/08\/BIEDERMEIER-2P-500x707.jpg 500w, https:\/\/sohousedesign.com\/wp-content\/uploads\/2021\/08\/BIEDERMEIER-2P-800x1132.jpg 800w, https:\/\/sohousedesign.com\/wp-content\/uploads\/2021\/08\/BIEDERMEIER-2P-1280x1811.jpg 1280w, https:\/\/sohousedesign.com\/wp-content\/uploads\/2021\/08\/BIEDERMEIER-2P-42x60.jpg 42w, https:\/\/sohousedesign.com\/wp-content\/uploads\/2021\/08\/BIEDERMEIER-2P-scaled.jpg 1810w\"\n                data-vp-popup-img-size=\"1920x2716\"\n                data-vp-popup-md-img=\"https:\/\/sohousedesign.com\/wp-content\/uploads\/2021\/08\/BIEDERMEIER-2P-800x1132.jpg\"\n                data-vp-popup-md-img-size=\"800x1132\"\n                data-vp-popup-sm-img=\"https:\/\/sohousedesign.com\/wp-content\/uploads\/2021\/08\/BIEDERMEIER-2P-500x707.jpg\"\n                data-vp-popup-sm-img-size=\"500x707\"\n            >\n                                    <h3 class=\"vp-portfolio__item-popup-title\">BIEDERMEIER 2P<\/h3>\n                                <\/div>\n                        <figure class=\"vp-portfolio__item\">\n                \n<div class=\"vp-portfolio__item-img-wrap\">\n    <div class=\"vp-portfolio__item-img\">\n        <a  href=\"https:\/\/sohousedesign.com\/wp-content\/uploads\/2021\/08\/BIEDERMEIER-2P-1920x2716.jpg\" >\n        <img width=\"1920\" height=\"2716\" src=\"https:\/\/sohousedesign.com\/wp-content\/uploads\/2021\/08\/BIEDERMEIER-2P-1920x2716.jpg\" class=\"wp-image-6798\" alt=\"\" loading=\"lazy\" srcset=\"https:\/\/sohousedesign.com\/wp-content\/uploads\/2021\/08\/BIEDERMEIER-2P-1920x2716.jpg 1920w, https:\/\/sohousedesign.com\/wp-content\/uploads\/2021\/08\/BIEDERMEIER-2P-212x300.jpg 212w, https:\/\/sohousedesign.com\/wp-content\/uploads\/2021\/08\/BIEDERMEIER-2P-728x1030.jpg 728w, https:\/\/sohousedesign.com\/wp-content\/uploads\/2021\/08\/BIEDERMEIER-2P-768x1086.jpg 768w, https:\/\/sohousedesign.com\/wp-content\/uploads\/2021\/08\/BIEDERMEIER-2P-1086x1536.jpg 1086w, https:\/\/sohousedesign.com\/wp-content\/uploads\/2021\/08\/BIEDERMEIER-2P-1448x2048.jpg 1448w, https:\/\/sohousedesign.com\/wp-content\/uploads\/2021\/08\/BIEDERMEIER-2P-500x707.jpg 500w, https:\/\/sohousedesign.com\/wp-content\/uploads\/2021\/08\/BIEDERMEIER-2P-800x1132.jpg 800w, https:\/\/sohousedesign.com\/wp-content\/uploads\/2021\/08\/BIEDERMEIER-2P-1280x1811.jpg 1280w, https:\/\/sohousedesign.com\/wp-content\/uploads\/2021\/08\/BIEDERMEIER-2P-42x60.jpg 42w, https:\/\/sohousedesign.com\/wp-content\/uploads\/2021\/08\/BIEDERMEIER-2P-scaled.jpg 1810w\" sizes=\"(max-width: 1920px) 100vw, 1920px\" \/>\n        <\/a>    <\/div>\n<\/div>\n\n<figcaption class=\"vp-portfolio__item-overlay vp-portfolio__item-align-center\">\n    <div class=\"vp-portfolio__item-meta-wrap vp-portfolio__custom-scrollbar\">\n        <a  href=\"https:\/\/sohousedesign.com\/wp-content\/uploads\/2021\/08\/BIEDERMEIER-2P-1920x2716.jpg\" tabindex=\"-1\" class=\"vp-portfolio__item-meta\" >\n        \n<h2 class=\"vp-portfolio__item-meta-title\">\n    ST\u0130L\u0130N\u0130 YARAT<\/h2>\n\n        <\/a>    <\/div>\n<\/figcaption>\n            <\/figure>\n        <\/div>\n        \n        <div class=\"vp-portfolio__item-wrap vp-portfolio__item-uid-ae291f92\" data-vp-filter=\"\">\n                        <div class=\"vp-portfolio__item-popup\"\n                style=\"display: none;\"\n                data-vp-popup-img=\"https:\/\/sohousedesign.com\/wp-content\/uploads\/2021\/08\/BIEDERMEIER-5P-1920x2716.jpg\"\n                data-vp-popup-img-srcset=\"https:\/\/sohousedesign.com\/wp-content\/uploads\/2021\/08\/BIEDERMEIER-5P-1920x2716.jpg 1920w, https:\/\/sohousedesign.com\/wp-content\/uploads\/2021\/08\/BIEDERMEIER-5P-212x300.jpg 212w, https:\/\/sohousedesign.com\/wp-content\/uploads\/2021\/08\/BIEDERMEIER-5P-728x1030.jpg 728w, https:\/\/sohousedesign.com\/wp-content\/uploads\/2021\/08\/BIEDERMEIER-5P-768x1086.jpg 768w, https:\/\/sohousedesign.com\/wp-content\/uploads\/2021\/08\/BIEDERMEIER-5P-1086x1536.jpg 1086w, https:\/\/sohousedesign.com\/wp-content\/uploads\/2021\/08\/BIEDERMEIER-5P-1448x2048.jpg 1448w, https:\/\/sohousedesign.com\/wp-content\/uploads\/2021\/08\/BIEDERMEIER-5P-500x707.jpg 500w, https:\/\/sohousedesign.com\/wp-content\/uploads\/2021\/08\/BIEDERMEIER-5P-800x1132.jpg 800w, https:\/\/sohousedesign.com\/wp-content\/uploads\/2021\/08\/BIEDERMEIER-5P-1280x1811.jpg 1280w, https:\/\/sohousedesign.com\/wp-content\/uploads\/2021\/08\/BIEDERMEIER-5P-42x60.jpg 42w, https:\/\/sohousedesign.com\/wp-content\/uploads\/2021\/08\/BIEDERMEIER-5P-scaled.jpg 1810w\"\n                data-vp-popup-img-size=\"1920x2716\"\n                data-vp-popup-md-img=\"https:\/\/sohousedesign.com\/wp-content\/uploads\/2021\/08\/BIEDERMEIER-5P-800x1132.jpg\"\n                data-vp-popup-md-img-size=\"800x1132\"\n                data-vp-popup-sm-img=\"https:\/\/sohousedesign.com\/wp-content\/uploads\/2021\/08\/BIEDERMEIER-5P-500x707.jpg\"\n                data-vp-popup-sm-img-size=\"500x707\"\n            >\n                                    <h3 class=\"vp-portfolio__item-popup-title\">BIEDERMEIER 5P<\/h3>\n                                <\/div>\n                        <figure class=\"vp-portfolio__item\">\n                \n<div class=\"vp-portfolio__item-img-wrap\">\n    <div class=\"vp-portfolio__item-img\">\n        <a  href=\"https:\/\/sohousedesign.com\/wp-content\/uploads\/2021\/08\/BIEDERMEIER-5P-1920x2716.jpg\" >\n        <img width=\"1920\" height=\"2716\" src=\"https:\/\/sohousedesign.com\/wp-content\/uploads\/2021\/08\/BIEDERMEIER-5P-1920x2716.jpg\" class=\"wp-image-6799\" alt=\"\" loading=\"lazy\" srcset=\"https:\/\/sohousedesign.com\/wp-content\/uploads\/2021\/08\/BIEDERMEIER-5P-1920x2716.jpg 1920w, https:\/\/sohousedesign.com\/wp-content\/uploads\/2021\/08\/BIEDERMEIER-5P-212x300.jpg 212w, https:\/\/sohousedesign.com\/wp-content\/uploads\/2021\/08\/BIEDERMEIER-5P-728x1030.jpg 728w, https:\/\/sohousedesign.com\/wp-content\/uploads\/2021\/08\/BIEDERMEIER-5P-768x1086.jpg 768w, https:\/\/sohousedesign.com\/wp-content\/uploads\/2021\/08\/BIEDERMEIER-5P-1086x1536.jpg 1086w, https:\/\/sohousedesign.com\/wp-content\/uploads\/2021\/08\/BIEDERMEIER-5P-1448x2048.jpg 1448w, https:\/\/sohousedesign.com\/wp-content\/uploads\/2021\/08\/BIEDERMEIER-5P-500x707.jpg 500w, https:\/\/sohousedesign.com\/wp-content\/uploads\/2021\/08\/BIEDERMEIER-5P-800x1132.jpg 800w, https:\/\/sohousedesign.com\/wp-content\/uploads\/2021\/08\/BIEDERMEIER-5P-1280x1811.jpg 1280w, https:\/\/sohousedesign.com\/wp-content\/uploads\/2021\/08\/BIEDERMEIER-5P-42x60.jpg 42w, https:\/\/sohousedesign.com\/wp-content\/uploads\/2021\/08\/BIEDERMEIER-5P-scaled.jpg 1810w\" sizes=\"(max-width: 1920px) 100vw, 1920px\" \/>\n        <\/a>    <\/div>\n<\/div>\n\n<figcaption class=\"vp-portfolio__item-overlay vp-portfolio__item-align-center\">\n    <div class=\"vp-portfolio__item-meta-wrap vp-portfolio__custom-scrollbar\">\n        <a  href=\"https:\/\/sohousedesign.com\/wp-content\/uploads\/2021\/08\/BIEDERMEIER-5P-1920x2716.jpg\" tabindex=\"-1\" class=\"vp-portfolio__item-meta\" >\n        \n<h2 class=\"vp-portfolio__item-meta-title\">\n    ST\u0130L\u0130N\u0130 YARAT<\/h2>\n\n        <\/a>    <\/div>\n<\/figcaption>\n            <\/figure>\n        <\/div>\n        \n        <div class=\"vp-portfolio__item-wrap vp-portfolio__item-uid-4acb2192\" data-vp-filter=\"\">\n                        <div class=\"vp-portfolio__item-popup\"\n                style=\"display: none;\"\n                data-vp-popup-img=\"https:\/\/sohousedesign.com\/wp-content\/uploads\/2021\/08\/WABI-SABI-5P-1920x2716.jpg\"\n                data-vp-popup-img-srcset=\"https:\/\/sohousedesign.com\/wp-content\/uploads\/2021\/08\/WABI-SABI-5P-1920x2716.jpg 1920w, https:\/\/sohousedesign.com\/wp-content\/uploads\/2021\/08\/WABI-SABI-5P-212x300.jpg 212w, https:\/\/sohousedesign.com\/wp-content\/uploads\/2021\/08\/WABI-SABI-5P-728x1030.jpg 728w, https:\/\/sohousedesign.com\/wp-content\/uploads\/2021\/08\/WABI-SABI-5P-768x1086.jpg 768w, https:\/\/sohousedesign.com\/wp-content\/uploads\/2021\/08\/WABI-SABI-5P-1086x1536.jpg 1086w, https:\/\/sohousedesign.com\/wp-content\/uploads\/2021\/08\/WABI-SABI-5P-1448x2048.jpg 1448w, https:\/\/sohousedesign.com\/wp-content\/uploads\/2021\/08\/WABI-SABI-5P-500x707.jpg 500w, https:\/\/sohousedesign.com\/wp-content\/uploads\/2021\/08\/WABI-SABI-5P-800x1132.jpg 800w, https:\/\/sohousedesign.com\/wp-content\/uploads\/2021\/08\/WABI-SABI-5P-1280x1811.jpg 1280w, https:\/\/sohousedesign.com\/wp-content\/uploads\/2021\/08\/WABI-SABI-5P-42x60.jpg 42w, https:\/\/sohousedesign.com\/wp-content\/uploads\/2021\/08\/WABI-SABI-5P-scaled.jpg 1810w\"\n                data-vp-popup-img-size=\"1920x2716\"\n                data-vp-popup-md-img=\"https:\/\/sohousedesign.com\/wp-content\/uploads\/2021\/08\/WABI-SABI-5P-800x1132.jpg\"\n                data-vp-popup-md-img-size=\"800x1132\"\n                data-vp-popup-sm-img=\"https:\/\/sohousedesign.com\/wp-content\/uploads\/2021\/08\/WABI-SABI-5P-500x707.jpg\"\n                data-vp-popup-sm-img-size=\"500x707\"\n            >\n                                    <h3 class=\"vp-portfolio__item-popup-title\">WABI &#8211; SABI 5P<\/h3>\n                                <\/div>\n                        <figure class=\"vp-portfolio__item\">\n                \n<div class=\"vp-portfolio__item-img-wrap\">\n    <div class=\"vp-portfolio__item-img\">\n        <a  href=\"https:\/\/sohousedesign.com\/wp-content\/uploads\/2021\/08\/WABI-SABI-5P-1920x2716.jpg\" >\n        <img width=\"1920\" height=\"2716\" src=\"https:\/\/sohousedesign.com\/wp-content\/uploads\/2021\/08\/WABI-SABI-5P-1920x2716.jpg\" class=\"wp-image-6800\" alt=\"\" loading=\"lazy\" srcset=\"https:\/\/sohousedesign.com\/wp-content\/uploads\/2021\/08\/WABI-SABI-5P-1920x2716.jpg 1920w, https:\/\/sohousedesign.com\/wp-content\/uploads\/2021\/08\/WABI-SABI-5P-212x300.jpg 212w, https:\/\/sohousedesign.com\/wp-content\/uploads\/2021\/08\/WABI-SABI-5P-728x1030.jpg 728w, https:\/\/sohousedesign.com\/wp-content\/uploads\/2021\/08\/WABI-SABI-5P-768x1086.jpg 768w, https:\/\/sohousedesign.com\/wp-content\/uploads\/2021\/08\/WABI-SABI-5P-1086x1536.jpg 1086w, https:\/\/sohousedesign.com\/wp-content\/uploads\/2021\/08\/WABI-SABI-5P-1448x2048.jpg 1448w, https:\/\/sohousedesign.com\/wp-content\/uploads\/2021\/08\/WABI-SABI-5P-500x707.jpg 500w, https:\/\/sohousedesign.com\/wp-content\/uploads\/2021\/08\/WABI-SABI-5P-800x1132.jpg 800w, https:\/\/sohousedesign.com\/wp-content\/uploads\/2021\/08\/WABI-SABI-5P-1280x1811.jpg 1280w, https:\/\/sohousedesign.com\/wp-content\/uploads\/2021\/08\/WABI-SABI-5P-42x60.jpg 42w, https:\/\/sohousedesign.com\/wp-content\/uploads\/2021\/08\/WABI-SABI-5P-scaled.jpg 1810w\" sizes=\"(max-width: 1920px) 100vw, 1920px\" \/>\n        <\/a>    <\/div>\n<\/div>\n\n<figcaption class=\"vp-portfolio__item-overlay vp-portfolio__item-align-center\">\n    <div class=\"vp-portfolio__item-meta-wrap vp-portfolio__custom-scrollbar\">\n        <a  href=\"https:\/\/sohousedesign.com\/wp-content\/uploads\/2021\/08\/WABI-SABI-5P-1920x2716.jpg\" tabindex=\"-1\" class=\"vp-portfolio__item-meta\" >\n        \n<h2 class=\"vp-portfolio__item-meta-title\">\n    ST\u0130L\u0130N\u0130 YARAT<\/h2>\n\n        <\/a>    <\/div>\n<\/figcaption>\n            <\/figure>\n        <\/div>\n        \n        <div class=\"vp-portfolio__item-wrap vp-portfolio__item-uid-00ac38b4\" data-vp-filter=\"\">\n                        <div class=\"vp-portfolio__item-popup\"\n                style=\"display: none;\"\n                data-vp-popup-img=\"https:\/\/sohousedesign.com\/wp-content\/uploads\/2021\/08\/GUSTAVIAN-2P-1920x2716.jpg\"\n                data-vp-popup-img-srcset=\"https:\/\/sohousedesign.com\/wp-content\/uploads\/2021\/08\/GUSTAVIAN-2P-1920x2716.jpg 1920w, https:\/\/sohousedesign.com\/wp-content\/uploads\/2021\/08\/GUSTAVIAN-2P-212x300.jpg 212w, https:\/\/sohousedesign.com\/wp-content\/uploads\/2021\/08\/GUSTAVIAN-2P-728x1030.jpg 728w, https:\/\/sohousedesign.com\/wp-content\/uploads\/2021\/08\/GUSTAVIAN-2P-768x1086.jpg 768w, https:\/\/sohousedesign.com\/wp-content\/uploads\/2021\/08\/GUSTAVIAN-2P-1086x1536.jpg 1086w, https:\/\/sohousedesign.com\/wp-content\/uploads\/2021\/08\/GUSTAVIAN-2P-1448x2048.jpg 1448w, https:\/\/sohousedesign.com\/wp-content\/uploads\/2021\/08\/GUSTAVIAN-2P-500x707.jpg 500w, https:\/\/sohousedesign.com\/wp-content\/uploads\/2021\/08\/GUSTAVIAN-2P-800x1132.jpg 800w, https:\/\/sohousedesign.com\/wp-content\/uploads\/2021\/08\/GUSTAVIAN-2P-1280x1811.jpg 1280w, https:\/\/sohousedesign.com\/wp-content\/uploads\/2021\/08\/GUSTAVIAN-2P-42x60.jpg 42w, https:\/\/sohousedesign.com\/wp-content\/uploads\/2021\/08\/GUSTAVIAN-2P-scaled.jpg 1810w\"\n                data-vp-popup-img-size=\"1920x2716\"\n                data-vp-popup-md-img=\"https:\/\/sohousedesign.com\/wp-content\/uploads\/2021\/08\/GUSTAVIAN-2P-800x1132.jpg\"\n                data-vp-popup-md-img-size=\"800x1132\"\n                data-vp-popup-sm-img=\"https:\/\/sohousedesign.com\/wp-content\/uploads\/2021\/08\/GUSTAVIAN-2P-500x707.jpg\"\n                data-vp-popup-sm-img-size=\"500x707\"\n            >\n                                    <h3 class=\"vp-portfolio__item-popup-title\">GUSTAVIAN 2P<\/h3>\n                                <\/div>\n                        <figure class=\"vp-portfolio__item\">\n                \n<div class=\"vp-portfolio__item-img-wrap\">\n    <div class=\"vp-portfolio__item-img\">\n        <a  href=\"https:\/\/sohousedesign.com\/wp-content\/uploads\/2021\/08\/GUSTAVIAN-2P-1920x2716.jpg\" >\n        <img width=\"1920\" height=\"2716\" src=\"https:\/\/sohousedesign.com\/wp-content\/uploads\/2021\/08\/GUSTAVIAN-2P-1920x2716.jpg\" class=\"wp-image-6801\" alt=\"\" loading=\"lazy\" srcset=\"https:\/\/sohousedesign.com\/wp-content\/uploads\/2021\/08\/GUSTAVIAN-2P-1920x2716.jpg 1920w, https:\/\/sohousedesign.com\/wp-content\/uploads\/2021\/08\/GUSTAVIAN-2P-212x300.jpg 212w, https:\/\/sohousedesign.com\/wp-content\/uploads\/2021\/08\/GUSTAVIAN-2P-728x1030.jpg 728w, https:\/\/sohousedesign.com\/wp-content\/uploads\/2021\/08\/GUSTAVIAN-2P-768x1086.jpg 768w, https:\/\/sohousedesign.com\/wp-content\/uploads\/2021\/08\/GUSTAVIAN-2P-1086x1536.jpg 1086w, https:\/\/sohousedesign.com\/wp-content\/uploads\/2021\/08\/GUSTAVIAN-2P-1448x2048.jpg 1448w, https:\/\/sohousedesign.com\/wp-content\/uploads\/2021\/08\/GUSTAVIAN-2P-500x707.jpg 500w, https:\/\/sohousedesign.com\/wp-content\/uploads\/2021\/08\/GUSTAVIAN-2P-800x1132.jpg 800w, https:\/\/sohousedesign.com\/wp-content\/uploads\/2021\/08\/GUSTAVIAN-2P-1280x1811.jpg 1280w, https:\/\/sohousedesign.com\/wp-content\/uploads\/2021\/08\/GUSTAVIAN-2P-42x60.jpg 42w, https:\/\/sohousedesign.com\/wp-content\/uploads\/2021\/08\/GUSTAVIAN-2P-scaled.jpg 1810w\" sizes=\"(max-width: 1920px) 100vw, 1920px\" \/>\n        <\/a>    <\/div>\n<\/div>\n\n<figcaption class=\"vp-portfolio__item-overlay vp-portfolio__item-align-center\">\n    <div class=\"vp-portfolio__item-meta-wrap vp-portfolio__custom-scrollbar\">\n        <a  href=\"https:\/\/sohousedesign.com\/wp-content\/uploads\/2021\/08\/GUSTAVIAN-2P-1920x2716.jpg\" tabindex=\"-1\" class=\"vp-portfolio__item-meta\" >\n        \n<h2 class=\"vp-portfolio__item-meta-title\">\n    ST\u0130L\u0130N\u0130 YARAT<\/h2>\n\n        <\/a>    <\/div>\n<\/figcaption>\n            <\/figure>\n        <\/div>\n        \n<\/div>\n        <\/div>\n        \n<\/div>\n        <\/div>\n        ","protected":false},"excerpt":{"rendered":"","protected":false},"author":1,"featured_media":0,"parent":0,"menu_order":0,"comment_status":"closed","ping_status":"closed","template":"","meta":{"_vp_format_video_url":"","_vp_image_focal_point":[]},"_links":{"self":[{"href":"https:\/\/sohousedesign.com\/index.php?rest_route=\/wp\/v2\/pages\/6744"}],"collection":[{"href":"https:\/\/sohousedesign.com\/index.php?rest_route=\/wp\/v2\/pages"}],"about":[{"href":"https:\/\/sohousedesign.com\/index.php?rest_route=\/wp\/v2\/types\/page"}],"author":[{"embeddable":true,"href":"https:\/\/sohousedesign.com\/index.php?rest_route=\/wp\/v2\/users\/1"}],"replies":[{"embeddable":true,"href":"https:\/\/sohousedesign.com\/index.php?rest_route=%2Fwp%2Fv2%2Fcomments&post=6744"}],"version-history":[{"count":5,"href":"https:\/\/sohousedesign.com\/index.php?rest_route=\/wp\/v2\/pages\/6744\/revisions"}],"predecessor-version":[{"id":6865,"href":"https:\/\/sohousedesign.com\/index.php?rest_route=\/wp\/v2\/pages\/6744\/revisions\/6865"}],"wp:attachment":[{"href":"https:\/\/sohousedesign.com\/index.php?rest_route=%2Fwp%2Fv2%2Fmedia&parent=6744"}],"curies":[{"name":"wp","href":"https:\/\/api.w.org\/{rel}","templated":true}]}}